{"id":463,"date":"2025-06-24T04:12:20","date_gmt":"2025-06-24T02:12:20","guid":{"rendered":"https:\/\/numatec.ooptimo.dev\/avis-legal\/"},"modified":"2025-09-30T16:58:02","modified_gmt":"2025-09-30T14:58:02","slug":"avis-legal","status":"publish","type":"page","link":"https:\/\/numatec.cat\/es\/avis-legal\/","title":{"rendered":"Aviso legal"},"content":{"rendered":"\n<p>El Aviso Legal regula el acceso, navegaci\u00f3n y uso del sitio web ubicado en las URLs www.numatec.cat y www.numatec.es (en adelante, el \u201cNUMATEC\u201d).\u00a0<\/p>\n\n\n\n<p><strong>1. Datos identificativos<\/strong><\/p>\n\n\n\n<p>En cumplimiento con el deber de informaci\u00f3n recogido en art\u00edculo 10 de la Ley 34\/2002, de 11 de julio, de Servicios de la Sociedad de la Informaci\u00f3n y del Comercio Electr\u00f3nico, le informamos de que el Sitio Web es titularidad de la sociedad&nbsp;NUMATEC S.L.&nbsp;(en adelante, \u201cNUMATEC\u201d),&nbsp;sociedad mercantil&nbsp;constituida de acuerdo con la legislaci\u00f3n espa\u00f1ola, con&nbsp;CIF B-59.862.987&nbsp;e inscrita en el Registro Mercantil de&nbsp;Barcelona en el tomo 21.274, Inscripci\u00f3n 1 del Libro de Sociedades, folio 186, Hoja B-19812, y con domicilio social en&nbsp;C\/ Casp, 118-120, 2\u00ba 3\u00aa. 08013 Barcelona.<\/p>\n\n\n\n<p>Puedes ponerte en contacto con nosotros a trav\u00e9s de la siguiente direcci\u00f3n de correo electr\u00f3nico numatec@numatec.cat&nbsp;<\/p>\n\n\n\n<p><strong>2. Usuarios<\/strong><\/p>\n\n\n\n<p>El acceso y\/o uso al Sitio Web le atribuye la condici\u00f3n de Usuario, y acepta, desde dicho acceso y\/o uso, el presente Aviso Legal.<\/p>\n\n\n\n<p><strong>3. Uso del sitio web<\/strong><\/p>\n\n\n\n<p>Est\u00e1 usted accediendo al Sitio Web de NUMATEC.&nbsp;<\/p>\n\n\n\n<p>El Sitio Web puede proporcionar acceso a multitud de productos, servicios, datos, textos, gr\u00e1ficos, dibujos, dise\u00f1os, c\u00f3digos, software, fotograf\u00edas, m\u00fasica, v\u00eddeos, sonidos, bases de datos, im\u00e1genes, expresiones e informaciones (en adelante, \u00abContenidos\u00bb) pertenecientes a la empresa o a terceros a los que el Usuario puede tener acceso.&nbsp;<\/p>\n\n\n\n<p>El Usuario asume la responsabilidad del uso del Sitio Web.<\/p>\n\n\n\n<p>La utilizaci\u00f3n de este Sitio Web supone la aceptaci\u00f3n de este aviso legal.<\/p>\n\n\n\n<p>El Usuario accede voluntariamente a este Sitio Web, lo que implica que lo utilizar\u00e1 conforme al presente aviso legal, el resto de avisos y cl\u00e1usulas legales, la Ley, la moral, la buena fe y\/o las buenas costumbres.<\/p>\n\n\n\n<p>NUMATEC se reserva el derecho a modificar sin previo aviso el contenido de este aviso legal, por tanto, y para una correcta utilizaci\u00f3n del Sitio Web, le recomendamos que visite peri\u00f3dicamente esta secci\u00f3n. Asimismo, NUMATEC&nbsp; se reserva el derecho a denegar o retirar el acceso a este Sitio Web y\/o a los servicios contenidos en \u00e9ste, en cualquier momento y sin previo aviso, a cualquier Usuario que no cumpla con lo establecido en el presente aviso legal y, en especial, con lo establecido en el p\u00e1rrafo anterior.<\/p>\n\n\n\n<p>En general, no se requiere el registro previo como Usuario de este Sitio Web. Sin embargo, la utilizaci\u00f3n de determinados servicios y\/o contenidos puede requerir la previa identificaci\u00f3n y\/o registro, en la forma indicada en cada caso. Las p\u00e1ginas restringidas a los Usuarios previamente autorizados por NUMATEC mediante registro, exigen que el Usuario no revele a terceros el nombre de Usuario y contrase\u00f1a, que son personales e intransferibles. El Usuario asume la responsabilidad por cualesquiera da\u00f1os y perjuicios, directos o indirectos, que pudieran derivarse de su utilizaci\u00f3n indebida, as\u00ed como de su cesi\u00f3n a terceros. En cualquier momento NUMATEC por motivos de seguridad, podr\u00e1 modificar la contrase\u00f1a del Usuario, notific\u00e1ndoselo previamente.<\/p>\n\n\n\n<p>El Usuario se compromete a hacer un uso adecuado de los contenidos y servicios que NUMATEC ofrece a trav\u00e9s de su Sitio Web y con car\u00e1cter enunciativo pero no limitativo, a no emplearlos para:<\/p>\n\n\n\n<ul class=\"wp-block-list\">\n<li>Incurrir en actividades il\u00edcitas, ilegales o contrarias a la buena fe y al orden p\u00fablico.<\/li>\n\n\n\n<li>Difundir contenidos o propaganda de car\u00e1cter racista, xen\u00f3fobo, pornogr\u00e1fico-ilegal, de apolog\u00eda del terrorismo o atentatorio contra los derechos humanos.<\/li>\n\n\n\n<li>Provocar da\u00f1os en los sistemas f\u00edsicos y l\u00f3gicos de NUMATEC, de sus proveedores o de terceras personas, introducir o difundir en la red virus inform\u00e1ticos o cualesquiera otros sistemas f\u00edsicos o l\u00f3gicos que sean susceptibles de provocar los da\u00f1os anteriormente mencionados.<\/li>\n\n\n\n<li>Intentar acceder y, en su caso, utilizar las cuentas de correo electr\u00f3nico de otros Usuarios y modificar o manipular sus mensajes.<\/li>\n<\/ul>\n\n\n\n<p>NUMATEC se reserva el derecho de retirar todos aquellos comentarios y aportaciones que vulneren el respeto a la dignidad de la persona, que sean discriminatorios, xen\u00f3fobos, racistas, pornogr\u00e1ficos, que atenten contra la juventud o la infancia, el orden o la seguridad p\u00fablica o que, a su juicio, no resultaran adecuados para su publicaci\u00f3n. En cualquier caso, NUMATEC&nbsp; no ser\u00e1 responsable de las opiniones vertidas por los Usuarios a trav\u00e9s de los foros, consultorios, comentarios, u otras herramientas de participaci\u00f3n.<\/p>\n\n\n\n<p><strong>4. Propiedad intelectual e industrial<\/strong><\/p>\n\n\n\n<p>NUMATEC, por s\u00ed o como cesionaria, es titular de todos los derechos de propiedad intelectual e industrial del Sitio Web, as\u00ed como de los elementos contenidos en la misma (a t\u00edtulo enunciativo y no limitativo: im\u00e1genes, sonido, audio, v\u00eddeo, software o textos, marcas o logotipos, combinaciones de colores, estructura y dise\u00f1o, selecci\u00f3n de materiales usados, programas de ordenador necesarios para su funcionamiento, acceso y uso, etc.), titularidad de NUMATEC o bien de sus licenciantes. Todos los derechos reservados.<\/p>\n\n\n\n<p>En virtud de lo dispuesto en los art\u00edculos 8 y 32.1, p\u00e1rrafo segundo, de la Ley de Propiedad Intelectual, quedan expresamente prohibidas la reproducci\u00f3n, la distribuci\u00f3n y la comunicaci\u00f3n p\u00fablica, incluida su modalidad de puesta a disposici\u00f3n, de la totalidad o parte de los contenidos del Sitio Web, con fines comerciales, en cualquier soporte y por cualquier medio t\u00e9cnico, sin la autorizaci\u00f3n expresa de NUMATEC.&nbsp;<\/p>\n\n\n\n<p>El Usuario se compromete a respetar los derechos de Propiedad Intelectual e Industrial titularidad de NUMATEC. Podr\u00e1 visualizar los elementos del portal e incluso imprimirlos, copiarlos y almacenarlos en el disco duro de su ordenador o en cualquier otro soporte f\u00edsico siempre y cuando sea, \u00fanica y exclusivamente, para su uso personal y privado.&nbsp;<\/p>\n\n\n\n<p>El Usuario deber\u00e1 abstenerse de suprimir, alterar, eludir o manipular cualquier dispositivo de protecci\u00f3n o sistema de seguridad que estuviera instalado en el Sitio Web.<\/p>\n\n\n\n<p>NUMATEC&nbsp; no se responsabiliza del posible uso inapropiado que terceros realicen del Sitio Web, ni de la informaci\u00f3n que a trav\u00e9s de ella transmitan a terceros. El uso de los Contenidos que pueda hacer el Usuario y las eventuales consecuencias, da\u00f1os o perjuicios que pudiesen derivarse, son de la exclusiva responsabilidad del usuario. NUMATEC se excluye por los da\u00f1os y perjuicios de toda naturaleza causados a los Usuarios por el uso de enlaces (links), directorios y herramientas de b\u00fasqueda, que permiten a los usuarios acceder a sitios Web pertenecientes y\/o gestionados por terceros as\u00ed como de la presencia de virus u otros c\u00f3digos maliciosos en los contenidos que puedan producir cualquier tipo de da\u00f1os en el sistema inform\u00e1tico, documentos electr\u00f3nicos o ficheros de los usuarios. NUMATEC&nbsp; se reserva el derecho de ejercitar las acciones legales que considere oportunas derivadas de cualesquiera usos il\u00edcitos por parte de terceros de los contenidos de su p\u00e1gina web.<\/p>\n\n\n\n<p><strong>5. Exclusi\u00f3n de garant\u00edas y responsabilidad<\/strong><\/p>\n\n\n\n<p>NUMATEC no se hace responsable, en ning\u00fan caso, de los da\u00f1os y perjuicios de cualquier naturaleza que pudieran ocasionar, a t\u00edtulo enunciativo: errores u omisiones en los Contenidos, falta de disponibilidad del Sitio Web o la transmisi\u00f3n de virus o programas maliciosos o lesivos en los contenidos, a pesar de haber adoptado todas las medidas tecnol\u00f3gicas necesarias para evitarlo.<\/p>\n\n\n\n<p><strong>6. Modificaciones<\/strong><\/p>\n\n\n\n<p>NUMATEC&nbsp; se reserva el derecho de efectuar sin previo aviso las modificaciones que considere oportunas en el Sitio Web, pudiendo cambiar, suprimir o a\u00f1adir tanto los Contenidos y servicios que se presten a trav\u00e9s de la misma como la forma en la que \u00e9stos aparezcan presentados o localizados en el Sitio Web.<\/p>\n\n\n\n<p><strong>7. Enlaces<\/strong><\/p>\n\n\n\n<p>En el caso de que en el Sitio Web se dispusiesen enlaces o hiperv\u00ednculos hac\u00eda otros sitios de Internet, NUMATEC&nbsp; no ejercer\u00e1 ning\u00fan tipo de control sobre dichos sitios y contenidos. En ning\u00fan caso NUMATEC&nbsp; asumir\u00e1 responsabilidad alguna por los contenidos de alg\u00fan enlace perteneciente a un Sitio Web ajeno, ni garantizar\u00e1 la disponibilidad t\u00e9cnica, calidad, fiabilidad, exactitud, amplitud, veracidad, validez y constitucionalidad de cualquier material o informaci\u00f3n contenida en ninguno de dichos hiperv\u00ednculos u otros sitios de Internet. Igualmente la inclusi\u00f3n de estas conexiones externas no implicar\u00e1 ning\u00fan tipo de asociaci\u00f3n, fusi\u00f3n o participaci\u00f3n con las entidades conectadas.<\/p>\n\n\n\n<p><strong>8. Generalidades<\/strong><\/p>\n\n\n\n<p>NUMATEC&nbsp; perseguir\u00e1 el incumplimiento de las presentes condiciones as\u00ed como cualquier utilizaci\u00f3n indebida de su portal ejerciendo todas las acciones civiles y penales que le puedan corresponder en derecho.<\/p>\n\n\n\n<p><strong>9. Legislaci\u00f3n aplicable y jurisdicci\u00f3n<\/strong><\/p>\n\n\n\n<p>Estas condiciones se regir\u00e1n o interpretar\u00e1n conforme a la legislaci\u00f3n espa\u00f1ola en aquello que no est\u00e9 expresamente establecido.<\/p>\n\n\n\n<p>NUMATEC&nbsp; y el Usuario acuerdan someter cualquier controversia que pudiera suscitarse de la prestaci\u00f3n de los productos o servicios a los Juzgados y Tribunales del domicilio de la parte compradora, si el Usuario es un consumidor final, o en su caso, a los Juzgados y Tribunales de Barcelona si el Usuario es una empresa.<\/p>\n","protected":false},"excerpt":{"rendered":"<p>El Aviso Legal regula el acceso, navegaci\u00f3n y uso del sitio web ubicado en las URLs www.numatec.cat y www.numatec.es (en adelante, el \u201cNUMATEC\u201d).\u00a0 1. Datos identificativos En cumplimiento con el deber de informaci\u00f3n recogido en art\u00edculo 10 de la Ley 34\/2002, de 11 de julio, de Servicios de la Sociedad de la Informaci\u00f3n y del&#8230; <a class=\"excerpt-read-more\" href=\"https:\/\/numatec.cat\/es\/avis-legal\/\" title=\"Read Aviso legal\">Read more &raquo;<\/a><\/p>\n","protected":false},"author":1,"featured_media":0,"parent":0,"menu_order":0,"comment_status":"closed","ping_status":"closed","template":"template-legal.blade.php","meta":{"_acf_changed":false,"footnotes":""},"class_list":["post-463","page","type-page","status-publish","hentry"],"acf":[],"yoast_head":"<title>Aviso legal - Numatec<\/title>\n<meta name=\"robots\" content=\"index, follow, max-snippet:-1, max-image-preview:large, max-video-preview:-1\" \/>\n<link rel=\"canonical\" href=\"https:\/\/numatec.cat\/es\/avis-legal\/\" \/>\n<meta property=\"og:locale\" content=\"es_ES\" \/>\n<meta property=\"og:type\" content=\"article\" \/>\n<meta property=\"og:title\" content=\"Aviso legal - Numatec\" \/>\n<meta property=\"og:description\" content=\"El Aviso Legal regula el acceso, navegaci\u00f3n y uso del sitio web ubicado en las URLs www.numatec.cat y www.numatec.es (en adelante, el \u201cNUMATEC\u201d).\u00a0 1. Datos identificativos En cumplimiento con el deber de informaci\u00f3n recogido en art\u00edculo 10 de la Ley 34\/2002, de 11 de julio, de Servicios de la Sociedad de la Informaci\u00f3n y del... Read more &raquo;\" \/>\n<meta property=\"og:url\" content=\"https:\/\/numatec.cat\/es\/avis-legal\/\" \/>\n<meta property=\"og:site_name\" content=\"Numatec\" \/>\n<meta property=\"article:modified_time\" content=\"2025-09-30T14:58:02+00:00\" \/>\n<meta name=\"twitter:card\" content=\"summary_large_image\" \/>\n<meta name=\"twitter:label1\" content=\"Tiempo de lectura\" \/>\n\t<meta name=\"twitter:data1\" content=\"8 minutos\" \/>\n<script type=\"application\/ld+json\" class=\"yoast-schema-graph\">{\"@context\":\"https:\/\/schema.org\",\"@graph\":[{\"@type\":\"WebPage\",\"@id\":\"https:\/\/numatec.cat\/es\/avis-legal\/\",\"url\":\"https:\/\/numatec.cat\/es\/avis-legal\/\",\"name\":\"Aviso legal - Numatec\",\"isPartOf\":{\"@id\":\"https:\/\/numatec.cat\/#website\"},\"datePublished\":\"2025-06-24T02:12:20+00:00\",\"dateModified\":\"2025-09-30T14:58:02+00:00\",\"breadcrumb\":{\"@id\":\"https:\/\/numatec.cat\/es\/avis-legal\/#breadcrumb\"},\"inLanguage\":\"es\",\"potentialAction\":[{\"@type\":\"ReadAction\",\"target\":[\"https:\/\/numatec.cat\/es\/avis-legal\/\"]}]},{\"@type\":\"BreadcrumbList\",\"@id\":\"https:\/\/numatec.cat\/es\/avis-legal\/#breadcrumb\",\"itemListElement\":[{\"@type\":\"ListItem\",\"position\":1,\"name\":\"Inici\",\"item\":\"https:\/\/numatec.cat\/es\/\"},{\"@type\":\"ListItem\",\"position\":2,\"name\":\"Aviso legal\"}]},{\"@type\":\"WebSite\",\"@id\":\"https:\/\/numatec.cat\/#website\",\"url\":\"https:\/\/numatec.cat\/\",\"name\":\"Numatec\",\"description\":\"\",\"potentialAction\":[{\"@type\":\"SearchAction\",\"target\":{\"@type\":\"EntryPoint\",\"urlTemplate\":\"https:\/\/numatec.cat\/?s={search_term_string}\"},\"query-input\":{\"@type\":\"PropertyValueSpecification\",\"valueRequired\":true,\"valueName\":\"search_term_string\"}}],\"inLanguage\":\"es\"}]}<\/script>","yoast_head_json":{"title":"Aviso legal - Numatec","robots":{"index":"index","follow":"follow","max-snippet":"max-snippet:-1","max-image-preview":"max-image-preview:large","max-video-preview":"max-video-preview:-1"},"canonical":"https:\/\/numatec.cat\/es\/avis-legal\/","og_locale":"es_ES","og_type":"article","og_title":"Aviso legal - Numatec","og_description":"El Aviso Legal regula el acceso, navegaci\u00f3n y uso del sitio web ubicado en las URLs www.numatec.cat y www.numatec.es (en adelante, el \u201cNUMATEC\u201d).\u00a0 1. Datos identificativos En cumplimiento con el deber de informaci\u00f3n recogido en art\u00edculo 10 de la Ley 34\/2002, de 11 de julio, de Servicios de la Sociedad de la Informaci\u00f3n y del... Read more &raquo;","og_url":"https:\/\/numatec.cat\/es\/avis-legal\/","og_site_name":"Numatec","article_modified_time":"2025-09-30T14:58:02+00:00","twitter_card":"summary_large_image","twitter_misc":{"Tiempo de lectura":"8 minutos"},"schema":{"@context":"https:\/\/schema.org","@graph":[{"@type":"WebPage","@id":"https:\/\/numatec.cat\/es\/avis-legal\/","url":"https:\/\/numatec.cat\/es\/avis-legal\/","name":"Aviso legal - Numatec","isPartOf":{"@id":"https:\/\/numatec.cat\/#website"},"datePublished":"2025-06-24T02:12:20+00:00","dateModified":"2025-09-30T14:58:02+00:00","breadcrumb":{"@id":"https:\/\/numatec.cat\/es\/avis-legal\/#breadcrumb"},"inLanguage":"es","potentialAction":[{"@type":"ReadAction","target":["https:\/\/numatec.cat\/es\/avis-legal\/"]}]},{"@type":"BreadcrumbList","@id":"https:\/\/numatec.cat\/es\/avis-legal\/#breadcrumb","itemListElement":[{"@type":"ListItem","position":1,"name":"Inici","item":"https:\/\/numatec.cat\/es\/"},{"@type":"ListItem","position":2,"name":"Aviso legal"}]},{"@type":"WebSite","@id":"https:\/\/numatec.cat\/#website","url":"https:\/\/numatec.cat\/","name":"Numatec","description":"","potentialAction":[{"@type":"SearchAction","target":{"@type":"EntryPoint","urlTemplate":"https:\/\/numatec.cat\/?s={search_term_string}"},"query-input":{"@type":"PropertyValueSpecification","valueRequired":true,"valueName":"search_term_string"}}],"inLanguage":"es"}]}},"_links":{"self":[{"href":"https:\/\/numatec.cat\/es\/wp-json\/wp\/v2\/pages\/463","targetHints":{"allow":["GET"]}}],"collection":[{"href":"https:\/\/numatec.cat\/es\/wp-json\/wp\/v2\/pages"}],"about":[{"href":"https:\/\/numatec.cat\/es\/wp-json\/wp\/v2\/types\/page"}],"author":[{"embeddable":true,"href":"https:\/\/numatec.cat\/es\/wp-json\/wp\/v2\/users\/1"}],"replies":[{"embeddable":true,"href":"https:\/\/numatec.cat\/es\/wp-json\/wp\/v2\/comments?post=463"}],"version-history":[{"count":2,"href":"https:\/\/numatec.cat\/es\/wp-json\/wp\/v2\/pages\/463\/revisions"}],"predecessor-version":[{"id":1687,"href":"https:\/\/numatec.cat\/es\/wp-json\/wp\/v2\/pages\/463\/revisions\/1687"}],"wp:attachment":[{"href":"https:\/\/numatec.cat\/es\/wp-json\/wp\/v2\/media?parent=463"}],"curies":[{"name":"wp","href":"https:\/\/api.w.org\/{rel}","templated":true}]}}