{"id":459,"date":"2025-06-16T23:06:23","date_gmt":"2025-06-16T21:06:23","guid":{"rendered":"https:\/\/numatec.ooptimo.dev\/equip\/"},"modified":"2025-08-21T12:27:26","modified_gmt":"2025-08-21T10:27:26","slug":"equipo","status":"publish","type":"page","link":"https:\/\/numatec.cat\/es\/equipo\/","title":{"rendered":"Equipo"},"content":{"rendered":"<section class=\"wp-block hero-block wp-block-hero\" style=\"; height: 40vh;\">\n            <div class=\"hero-slider\">\n                            <div class=\"hero-slide\" style=\"background-image: linear-gradient(180deg, rgba(0, 0, 0, 0.60) 0%, rgba(0, 0, 0, 0.10) 46.15%, rgba(0, 0, 0, 0.50) 98.08%), url('https:\/\/numatec.cat\/wp-content\/uploads\/2025\/07\/A2007_JMJ_web_02.jpg');\">\n                                            <div class=\"hero-content\">\n                            <div class=\"container\">\n                                <div class=\"hero-text\">\n                                    <h2>Conoce al equipo de NUMATEC<\/h2>\n\n                                <\/div>\n                                                                    <div class=\"proyectos-flecha-abajo\">\n                                        <svg xmlns=\"http:\/\/www.w3.org\/2000\/svg\" width=\"48\" height=\"48\" viewBox=\"0 0 48 48\" fill=\"none\">\n                                            <path d=\"M14.2246 29.676C14.2246 29.7567 14.2409 29.8365 14.2724 29.9107C14.304 29.9849 14.3501 30.052 14.4082 30.108L23.5654 38.9388C23.6772 39.0462 23.8262 39.1062 23.9812 39.1062C24.1362 39.1062 24.2852 39.0462 24.397 38.9388L33.5914 30.0696C33.6515 30.0158 33.7002 29.9505 33.7345 29.8775C33.7688 29.8045 33.7881 29.7254 33.7911 29.6448C33.7941 29.5642 33.7808 29.4838 33.7521 29.4085C33.7234 29.3331 33.6797 29.2643 33.6238 29.2062C33.5679 29.1481 33.5008 29.1019 33.4266 29.0703C33.3524 29.0387 33.2726 29.0224 33.1919 29.0223C33.1113 29.0223 33.0315 29.0385 32.9572 29.0699C32.883 29.1014 32.8158 29.1476 32.7598 29.2056L23.9818 37.6728L15.241 29.244C15.1563 29.1623 15.0493 29.1073 14.9335 29.086C14.8178 29.0646 14.6983 29.0777 14.5899 29.1238C14.4816 29.1698 14.3892 29.2468 14.3242 29.3449C14.2592 29.4431 14.2246 29.5583 14.2246 29.676Z\" fill=\"white\"\/>\n                                            <path d=\"M23.382 9.492L23.382 38.508C23.382 38.6671 23.4452 38.8197 23.5578 38.9323C23.6703 39.0448 23.8229 39.108 23.982 39.108C24.1412 39.108 24.2938 39.0448 24.4063 38.9323C24.5188 38.8197 24.582 38.6671 24.582 38.508L24.582 9.492C24.582 9.33287 24.5188 9.18026 24.4063 9.06773C24.2938 8.95521 24.1412 8.892 23.982 8.892C23.8229 8.892 23.6703 8.95521 23.5578 9.06773C23.4452 9.18026 23.382 9.33287 23.382 9.492Z\" fill=\"white\"\/>\n                                        <\/svg>\n                                    <\/div>\n                                                            <\/div>\n                        <\/div>\n                                    <\/div>\n            \n                    <\/div>\n    <\/section>\n\n\n<section class=\"wp-block banner-texto-block wp-block-bannertexto\">\n\t<div class=\"container\">\n\t\t<div class=\"banner-content\">\n\t\t\t\t\t\t\t\t\t\t<div class=\"banner-texto-wrapper\">\n\t\t\t\t\t<p>Contamos con un <strong>equipo multidisciplinario<\/strong> de <strong>profesionales<\/strong> altamente cualificados, lo que nos permite ofrecer soluciones integrales en todas las fases de un proyecto: desde la concepci\u00f3n y la planificaci\u00f3n hasta la ejecuci\u00f3n, la direcci\u00f3n de obra y la consultor\u00eda especializada. En los proyectos de ingenier\u00eda, aportamos c\u00e1lculos s\u00f3lidos, soluciones eficaces y eficiencia tanto energ\u00e9tica como econ\u00f3mica.<\/p>\n<p>En los proyectos arquitect\u00f3nicos, presentamos propuestas imaginativas que aprovechan eficientemente el espacio, ofrecen confort, prestan especial atenci\u00f3n a la luz, las vistas y al uso responsable de los materiales.<\/p>\n\n\t\t\t\t<\/div>\n\t\t\t\t\t<\/div>\n\t<\/div>\n<\/section>\n\n\n<section class=\"equipo-destacados-block wp-block wp-block-equipodestacados\" style=\"\">\n  <div class=\"container\">\n    \n          <div class=\"row equipo-grid\">\n                  <div class=\"col-lg-6 miembro-col\">\n            <div class=\"miembro-card\">\n              <div class=\"miembro-foto-container\">\n                                  <img decoding=\"async\" src=\"https:\/\/numatec.cat\/wp-content\/uploads\/2025\/06\/Daniel-Gegundez.jpg\" alt=\"Daniel Geg\u00fandez\" class=\"miembro-foto\">\n                              <\/div>\n              <div class=\"miembro-info\">\n                <h3 class=\"miembro-nombre\">Daniel Geg\u00fandez<\/h3>\n                <h4 class=\"miembro-profesion\">Ingeniero industrial<\/h4>\n                \n                                  <div class=\"miembro-biografia-contenedor\">\n                    <div class=\"miembro-biografia miembro-biografia-truncada\">\n                      <p data-start=\"1106\" data-end=\"1413\"><strong>Daniel Geg\u00fandez<\/strong> es ingeniero industrial por la Universidad Polit\u00e9cnica de Catalu\u00f1a desde 1999. Comenz\u00f3 su carrera como responsable de dise\u00f1o el\u00e9ctrico y mec\u00e1nico en instalaciones aeroportuarias. Posteriormente, se centr\u00f3 plenamente en el sector de la construcci\u00f3n, especialmente en Retail.<\/p>\n<p data-start=\"1415\" data-end=\"1663\">Durante 15 a\u00f1os, particip\u00f3 en la expansi\u00f3n de Media Markt en Espa\u00f1a como jefe de proyecto de construcci\u00f3n de nuevos establecimientos. Tambi\u00e9n se dedic\u00f3 a reformas, modificaciones y b\u00fasqueda de nuevos locales apoyando al departamento de expansi\u00f3n.<\/p>\n<p data-start=\"1665\" data-end=\"2050\">Durante este periodo, abri\u00f3 la primera tienda del grupo en China (Shanghai), colaborando en la expansi\u00f3n internacional del grupo y lanzando nuevas marcas y conceptos en Espa\u00f1a (primeras tiendas Saturn). Tras esta etapa, se centr\u00f3 en oficinas y almacenes para particulares (Self Storage), para acabar ocupando la direcci\u00f3n de Numatec, empresa con la que colabor\u00f3 en todas estas fases.<\/p>\n<p data-start=\"2052\" data-end=\"2232\">Actualmente, Numatec se renueva con un grupo de j\u00f3venes profesionales que combinan la experiencia de la compa\u00f1\u00eda con la innovaci\u00f3n en el mundo de la ingenier\u00eda y la arquitectura.<\/p>\n\n                    <\/div>\n                    <button class=\"miembro-ver-mas\" data-miembro-id=\"0\">\n                      Ver m\u00e1s\n                    <\/button>\n                  <\/div>\n                              <\/div>\n            <\/div>\n          <\/div>\n                  <div class=\"col-lg-6 miembro-col\">\n            <div class=\"miembro-card\">\n              <div class=\"miembro-foto-container\">\n                                  <img decoding=\"async\" src=\"https:\/\/numatec.cat\/wp-content\/uploads\/2025\/06\/Jordi.jpg\" alt=\"Jordi Safont-Tria\" class=\"miembro-foto\">\n                              <\/div>\n              <div class=\"miembro-info\">\n                <h3 class=\"miembro-nombre\">Jordi Safont-Tria<\/h3>\n                <h4 class=\"miembro-profesion\">Arquitecto<\/h4>\n                \n                                  <div class=\"miembro-biografia-contenedor\">\n                    <div class=\"miembro-biografia miembro-biografia-truncada\">\n                      <p data-start=\"1038\" data-end=\"1366\"><strong>Jordi Safont-Tria<\/strong> es arquitecto por la ETSA de Barcelona (2004) y cuenta con Diploma de Estudios Avanzados por la UPC (2007). Entre 2008 y 2009 fue visiting scholar en la Columbia University de Nueva York, donde colabor\u00f3 con Steven Holl en investigaci\u00f3n publicada en el libro <em data-start=\"1330\" data-end=\"1364\">\u201cSteven Holl: Color Light Time.\u201d<\/em><\/p>\n<p data-start=\"1368\" data-end=\"1808\">En 2009, estableci\u00f3 su propio despacho en Barcelona. Ha recibido diversos premios de instituciones como el COAC o la Agrupaci\u00f3n de J\u00f3venes Arquitectos de Catalu\u00f1a, y ha sido ganador de numerosos concursos nacionales e internacionales, entre los que destacan la comisar\u00eda de polic\u00eda de Llavaneres, la nueva Escuela de M\u00fasica de Sabadell, o la nueva centralidad de las ciudades gemelas Valga y Valka, en la frontera entre Estonia y Letonia.<\/p>\n<p data-start=\"1810\" data-end=\"2086\">En 2018 fusion\u00f3 su estudio con Numatec SL para transformar la oficina en un espacio que combina arquitectura e ingenier\u00eda, con el objetivo de potenciar la creatividad con rigor y ofrecer servicios completos en proyectos de edificaci\u00f3n, urbanismo, licencias y legalizaciones.<\/p>\n\n                    <\/div>\n                    <button class=\"miembro-ver-mas\" data-miembro-id=\"1\">\n                      Ver m\u00e1s\n                    <\/button>\n                  <\/div>\n                              <\/div>\n            <\/div>\n          <\/div>\n              <\/div>\n      <\/div>\n<\/section>\n\n\n<section class=\"wp-block banner-texto-block wp-block-bannertexto\">\n\t<div class=\"container\">\n\t\t<div class=\"banner-content\">\n\t\t\t\t\t\t\t<div class=\"banner-titulo-wrapper\">\n\t\t\t\t\t<h3 class=\"banner-titulo\">Miembros del equipo:<\/h3>\n\t\t\t\t<\/div>\n\t\t\t\t\t\t\t\t\t\t<div class=\"banner-texto-wrapper\">\n\t\t\t\t\t<p>En <strong>NUMATEC<\/strong> contamos con todos los perfiles necesarios para trabajar los proyectos de forma global y profesional: arquitectos, ingenieros, delineantes y personal administrativo.<\/p>\n\n\t\t\t\t<\/div>\n\t\t\t\t\t<\/div>\n\t<\/div>\n<\/section>\n\n\n<section class=\"equipo-block wp-block wp-block-equipo\" style=\"\">\n  <div class=\"container\">\n    \n          <div class=\"row equipo-grid\">\n                  <div class=\"col-md-4 miembro-col\">\n            <div class=\"miembro-item\">\n                            \n              <h3 class=\"miembro-nombre\">Enric Tristany Soler,<\/h3>\n              <h4 class=\"miembro-profesion\">Ingeniero,<\/h4>\n              \n                              <div class=\"miembro-biografia\">\n                  <p>Diplomado en Ingenier\u00eda T\u00e9cnica Industrial por la EUETIB (2008) y licenciado en Ingenier\u00eda Industrial por la ESEIAAT, UPC (2012). Especialista en electricidad, climatizaci\u00f3n, protecci\u00f3n contra incendios e instalaciones fotovoltaicas. Trabaj\u00f3 durante ocho a\u00f1os en el sector de instalaci\u00f3n de fibra y telecomunicaciones. En 2018 se incorpora al nuevo equipo de Numatec, desarrollando todo tipo de proyectos de instalaciones, legalizaciones y licencias de actividad como jefe de proyectos.<\/p>\n\n                <\/div>\n                          <\/div>\n          <\/div>\n                  <div class=\"col-md-4 miembro-col\">\n            <div class=\"miembro-item\">\n                            \n              <h3 class=\"miembro-nombre\">Ariadna Galindo Vidal,<\/h3>\n              <h4 class=\"miembro-profesion\">Arquitecta.<\/h4>\n              \n                              <div class=\"miembro-biografia\">\n                  <p>Grado en Estudios de Arquitectura y M\u00e1ster habilitante en Proyecto y Tecnolog\u00eda por ETSAB, UPC (2018). Se incorpor\u00f3 a Numatec en 2023 para el desarrollo t\u00e9cnico de proyectos residenciales y equipamientos, y r\u00e1pidamente pas\u00f3 a liderar proyectos de retail y rehabilitaci\u00f3n energ\u00e9tica.<\/p>\n\n                <\/div>\n                          <\/div>\n          <\/div>\n                  <div class=\"col-md-4 miembro-col\">\n            <div class=\"miembro-item\">\n                            \n              <h3 class=\"miembro-nombre\">S\u00edlvia Pruj\u00e0 May\u00e0,<\/h3>\n              <h4 class=\"miembro-profesion\">Arquitecta.<\/h4>\n              \n                              <div class=\"miembro-biografia\">\n                  <p>Grado en Estudios de Arquitectura por ETSAB y doble titulaci\u00f3n con M\u00e1ster habilitante en Arquitectura e Intervenci\u00f3n Sostenible en el Medio Construido por ETSAV (2024). Se incorpora como arquitecta junior por su creatividad y gran capacidad para comprender de manera sensible la edificaci\u00f3n y su contexto.<\/p>\n\n                <\/div>\n                          <\/div>\n          <\/div>\n                  <div class=\"col-md-4 miembro-col\">\n            <div class=\"miembro-item\">\n                            \n              <h3 class=\"miembro-nombre\">Miguel \u00c1ngel Corral Torres,<\/h3>\n              <h4 class=\"miembro-profesion\">Delineaci\u00f3n i maquetaci\u00f3n.<\/h4>\n              \n                              <div class=\"miembro-biografia\">\n                  <p>Delineante por la escuela Monlau de Barcelona. Forma parte de Numatec desde su formaci\u00f3n en 1990, desarrollando planos de instalaciones y obras.<\/p>\n\n                <\/div>\n                          <\/div>\n          <\/div>\n                  <div class=\"col-md-4 miembro-col\">\n            <div class=\"miembro-item\">\n                            \n              <h3 class=\"miembro-nombre\">L\u00eddia Par\u00e9s Campos<\/h3>\n              <h4 class=\"miembro-profesion\">Gesti\u00f3n administrativa.<\/h4>\n              \n                              <div class=\"miembro-biografia\">\n                  <p>Formada en delineaci\u00f3n y contabilidad, se encarga de la gesti\u00f3n administrativa de Numatec y de los tr\u00e1mites de solicitudes de licencias de obra, actividad y registros oficiales.<\/p>\n\n                <\/div>\n                          <\/div>\n          <\/div>\n              <\/div>\n      <\/div>\n<\/section>\n\n\n<section class=\"colaboradores-block wp-block wp-block-colaboradores\" style=\"\">\n  <div class=\"container\">\n          <h3 class=\"colaboradores-titulo\">Colaboradores:<\/h3>\n    \n          <div class=\"colaboradores-grid\">\n                  <div class=\"colaborador-col\">\n            <div class=\"colaborador-item\">\n              <h3 class=\"colaborador-nombre\">Jordi Miquel Calvo,<\/h3>\n              <h4 class=\"colaborador-especialidad\">Arquitecto t\u00e9cnico.<\/h4>\n            <\/div>\n          <\/div>\n                  <div class=\"colaborador-col\">\n            <div class=\"colaborador-item\">\n              <h3 class=\"colaborador-nombre\">\u00d2scar Veciana Sobrado,<\/h3>\n              <h4 class=\"colaborador-especialidad\">Ingeniero de telecomunicaciones.<\/h4>\n            <\/div>\n          <\/div>\n                  <div class=\"colaborador-col\">\n            <div class=\"colaborador-item\">\n              <h3 class=\"colaborador-nombre\">Dami\u00e1n Huerta,<\/h3>\n              <h4 class=\"colaborador-especialidad\">Ingeniero top\u00f3grafo.<\/h4>\n            <\/div>\n          <\/div>\n                  <div class=\"colaborador-col\">\n            <div class=\"colaborador-item\">\n              <h3 class=\"colaborador-nombre\">Amanda Colom,<\/h3>\n              <h4 class=\"colaborador-especialidad\">Arquitecta especialista en c\u00e1lculo de estructuras.<\/h4>\n            <\/div>\n          <\/div>\n                  <div class=\"colaborador-col\">\n            <div class=\"colaborador-item\">\n              <h3 class=\"colaborador-nombre\">Becerra &amp; Brengaret,<\/h3>\n              <h4 class=\"colaborador-especialidad\">Ge\u00f3logos consultores.<\/h4>\n            <\/div>\n          <\/div>\n              <\/div>\n      <\/div>\n<\/section>\n\n\n<section \n    class=\"wp-block banner-block wp-block-banner \" \n    style=\"; background-color: #34445F;\"\n>\n    <div class=\"container\">\n        <div class=\"banner-content\">\n            <div class=\"banner-titulo-wrapper\">\n                                    <h2 class=\"banner-titulo\">Te ayudamos a hacer realidad tus proyectos.<\/h2>\n                \n                                    <div class=\"banner-boton-wrapper\">\n                        <a \n                            href=\"https:\/\/numatec.cat\/contacte\/\" \n                            class=\"banner-boton boton-principal\" \n                            target=\"\"\n                        >\n                            Contacta\n                        <\/a>\n                    <\/div>\n                            <\/div>\n\n                    <\/div>\n    <\/div>\n<\/section>\n\n","protected":false},"excerpt":{"rendered":"","protected":false},"author":1,"featured_media":0,"parent":0,"menu_order":0,"comment_status":"closed","ping_status":"closed","template":"","meta":{"_acf_changed":false,"footnotes":""},"class_list":["post-459","page","type-page","status-publish","hentry"],"acf":[],"yoast_head":"<title>Equipo - Numatec<\/title>\n<meta name=\"robots\" content=\"index, follow, max-snippet:-1, max-image-preview:large, max-video-preview:-1\" \/>\n<link rel=\"canonical\" href=\"https:\/\/numatec.cat\/es\/equipo\/\" \/>\n<meta property=\"og:locale\" content=\"es_ES\" \/>\n<meta property=\"og:type\" content=\"article\" \/>\n<meta property=\"og:title\" content=\"Equipo - Numatec\" \/>\n<meta property=\"og:url\" content=\"https:\/\/numatec.cat\/es\/equipo\/\" \/>\n<meta property=\"og:site_name\" content=\"Numatec\" \/>\n<meta property=\"article:modified_time\" content=\"2025-08-21T10:27:26+00:00\" \/>\n<meta name=\"twitter:card\" content=\"summary_large_image\" \/>\n<script type=\"application\/ld+json\" class=\"yoast-schema-graph\">{\"@context\":\"https:\/\/schema.org\",\"@graph\":[{\"@type\":\"WebPage\",\"@id\":\"https:\/\/numatec.cat\/es\/equipo\/\",\"url\":\"https:\/\/numatec.cat\/es\/equipo\/\",\"name\":\"Equipo - Numatec\",\"isPartOf\":{\"@id\":\"https:\/\/numatec.cat\/#website\"},\"datePublished\":\"2025-06-16T21:06:23+00:00\",\"dateModified\":\"2025-08-21T10:27:26+00:00\",\"breadcrumb\":{\"@id\":\"https:\/\/numatec.cat\/es\/equipo\/#breadcrumb\"},\"inLanguage\":\"es\",\"potentialAction\":[{\"@type\":\"ReadAction\",\"target\":[\"https:\/\/numatec.cat\/es\/equipo\/\"]}]},{\"@type\":\"BreadcrumbList\",\"@id\":\"https:\/\/numatec.cat\/es\/equipo\/#breadcrumb\",\"itemListElement\":[{\"@type\":\"ListItem\",\"position\":1,\"name\":\"Inici\",\"item\":\"https:\/\/numatec.cat\/es\/\"},{\"@type\":\"ListItem\",\"position\":2,\"name\":\"Equipo\"}]},{\"@type\":\"WebSite\",\"@id\":\"https:\/\/numatec.cat\/#website\",\"url\":\"https:\/\/numatec.cat\/\",\"name\":\"Numatec\",\"description\":\"\",\"potentialAction\":[{\"@type\":\"SearchAction\",\"target\":{\"@type\":\"EntryPoint\",\"urlTemplate\":\"https:\/\/numatec.cat\/?s={search_term_string}\"},\"query-input\":{\"@type\":\"PropertyValueSpecification\",\"valueRequired\":true,\"valueName\":\"search_term_string\"}}],\"inLanguage\":\"es\"}]}<\/script>","yoast_head_json":{"title":"Equipo - Numatec","robots":{"index":"index","follow":"follow","max-snippet":"max-snippet:-1","max-image-preview":"max-image-preview:large","max-video-preview":"max-video-preview:-1"},"canonical":"https:\/\/numatec.cat\/es\/equipo\/","og_locale":"es_ES","og_type":"article","og_title":"Equipo - Numatec","og_url":"https:\/\/numatec.cat\/es\/equipo\/","og_site_name":"Numatec","article_modified_time":"2025-08-21T10:27:26+00:00","twitter_card":"summary_large_image","schema":{"@context":"https:\/\/schema.org","@graph":[{"@type":"WebPage","@id":"https:\/\/numatec.cat\/es\/equipo\/","url":"https:\/\/numatec.cat\/es\/equipo\/","name":"Equipo - Numatec","isPartOf":{"@id":"https:\/\/numatec.cat\/#website"},"datePublished":"2025-06-16T21:06:23+00:00","dateModified":"2025-08-21T10:27:26+00:00","breadcrumb":{"@id":"https:\/\/numatec.cat\/es\/equipo\/#breadcrumb"},"inLanguage":"es","potentialAction":[{"@type":"ReadAction","target":["https:\/\/numatec.cat\/es\/equipo\/"]}]},{"@type":"BreadcrumbList","@id":"https:\/\/numatec.cat\/es\/equipo\/#breadcrumb","itemListElement":[{"@type":"ListItem","position":1,"name":"Inici","item":"https:\/\/numatec.cat\/es\/"},{"@type":"ListItem","position":2,"name":"Equipo"}]},{"@type":"WebSite","@id":"https:\/\/numatec.cat\/#website","url":"https:\/\/numatec.cat\/","name":"Numatec","description":"","potentialAction":[{"@type":"SearchAction","target":{"@type":"EntryPoint","urlTemplate":"https:\/\/numatec.cat\/?s={search_term_string}"},"query-input":{"@type":"PropertyValueSpecification","valueRequired":true,"valueName":"search_term_string"}}],"inLanguage":"es"}]}},"_links":{"self":[{"href":"https:\/\/numatec.cat\/es\/wp-json\/wp\/v2\/pages\/459","targetHints":{"allow":["GET"]}}],"collection":[{"href":"https:\/\/numatec.cat\/es\/wp-json\/wp\/v2\/pages"}],"about":[{"href":"https:\/\/numatec.cat\/es\/wp-json\/wp\/v2\/types\/page"}],"author":[{"embeddable":true,"href":"https:\/\/numatec.cat\/es\/wp-json\/wp\/v2\/users\/1"}],"replies":[{"embeddable":true,"href":"https:\/\/numatec.cat\/es\/wp-json\/wp\/v2\/comments?post=459"}],"version-history":[{"count":8,"href":"https:\/\/numatec.cat\/es\/wp-json\/wp\/v2\/pages\/459\/revisions"}],"predecessor-version":[{"id":738,"href":"https:\/\/numatec.cat\/es\/wp-json\/wp\/v2\/pages\/459\/revisions\/738"}],"wp:attachment":[{"href":"https:\/\/numatec.cat\/es\/wp-json\/wp\/v2\/media?parent=459"}],"curies":[{"name":"wp","href":"https:\/\/api.w.org\/{rel}","templated":true}]}}