{"id":462,"date":"2025-06-24T04:12:20","date_gmt":"2025-06-24T02:12:20","guid":{"rendered":"https:\/\/numatec.ooptimo.dev\/avis-legal\/"},"modified":"2025-10-01T10:01:38","modified_gmt":"2025-10-01T08:01:38","slug":"avis-legal","status":"publish","type":"page","link":"https:\/\/numatec.cat\/en\/avis-legal\/","title":{"rendered":"Legal notice"},"content":{"rendered":"\n<p>L&#8217;Av\u00eds Legal regula l&#8217;acc\u00e9s, la navegaci\u00f3 i l&#8217;\u00fas del lloc web ubicat a la URL [www.numatec.cat] (d&#8217;ara endavant, el \u201cNUMATEC\u201d).<\/p>\n\n<p><strong>1. Dades identificatives<\/strong><\/p>\n\n<p>En compliment amb el deure d&#8217;informaci\u00f3 recollit a l&#8217;article 10 de la Llei 34\/2002, d&#8217;11 de juliol, de Serveis de la Societat de la Informaci\u00f3 i del Comer\u00e7 Electr\u00f2nic, us informem que el Lloc Web \u00e9s titularitat de la societat Numatec S.L.\u00a0(d&#8217;ara endavant, \u201cNUMATEC\u201d),\u00a0societat mercantil\u00a0constitu\u00efda dacord amb la legislaci\u00f3 espanyola, amb\u00a0CIF B-59.862.987\u00a0i inscrita en el Registre Mercantil de Barcelona en el tom 21.274, Inscripci\u00f3 1 del Llibre de Societats, foli 118\/1, 2 Casp, 118-120, 2n 3a. 08013 Barcelona.<\/p>\n\n<p>Pots posar-te en contacte amb nosaltres a trav\u00e9s de la seg\u00fcent adre\u00e7a electr\u00f2nica: numatec@numatec.cat\u00a0<\/p>\n\n<p><strong>2. Usuaris<\/strong><\/p>\n\n<p>L&#8217;acc\u00e9s i\/o \u00fas al Lloc Web us atribueix la condici\u00f3 d&#8217;Usuari, i accepta, des d&#8217;aquest acc\u00e9s i\/o \u00fas, aquest Av\u00eds Legal<\/p>\n\n<p><strong>3. \u00das de la web<\/strong><\/p>\n\n<p>Esteu accedint al Lloc Web de NUMATEC.<\/p>\n\n<p>El Lloc Web pot proporcionar acc\u00e9s a multitud de productes, serveis, dades, textos, gr\u00e0fics, dibuixos, dissenys, codis, programari, fotografies, m\u00fasica, v\u00eddeos, sons, bases de dades, imatges, expressions i informacions (d&#8217;ara endavant, &#8220;Continguts&#8221;) pertanyents a l&#8217;empresa oa tercers als quals l&#8217;usuari pot tenir acc\u00e9s.\u00a0<\/p>\n\n<p>L&#8217;Usuari asumeix  la responsabilitat de l&#8217;\u00fas de la Web.<\/p>\n\n<p>La utilitzaci\u00f3 d&#8217;aquest Lloc Web suposa acceptar aquest av\u00eds legal.<\/p>\n\n<p>L&#8217;Usuari accedeix volunt\u00e0riament a aquest Lloc Web, cosa que implica que l&#8217;utilitzar\u00e0 d&#8217;acord amb aquest av\u00eds legal, la resta d&#8217;avisos i cl\u00e0usules legals, la Llei, la moral, la bona fe i\/o els bons costums.<\/p>\n\n<p>NUMATEC es reserva el dret a modificar sense previ av\u00eds el contingut d&#8217;aquest av\u00eds legal, per tant, i per a una utilitzaci\u00f3 correcta del Lloc Web, us recomanem que visiteu peri\u00f2dicament aquesta secci\u00f3. Aix\u00ed mateix, NUMATEC\u00a0 es reserva el dret a denegar o retirar l&#8217;acc\u00e9s a aquest Lloc Web i\/o als serveis continguts en aquest, en qualsevol moment i sense av\u00eds previ, a qualsevol Usuari que no compleixi amb el que estableix aquest av\u00eds legal i, en especial, amb el que estableix el par\u00e0graf anterior.<\/p>\n\n<p>En general, no es requereix el registre previ com a Usuari d&#8217;aquest Lloc Web. Aix\u00f2 no obstant, la utilitzaci\u00f3 de determinats serveis i\/o continguts pot requerir la pr\u00e8via identificaci\u00f3 i\/o registre, en la forma indicada en cada cas. Les p\u00e0gines restringides als Usuaris pr\u00e8viament autoritzats per NUMATEC mitjan\u00e7ant registre exigeixen que l&#8217;Usuari no reveli a tercers el nom d&#8217;Usuari i contrasenya, que s\u00f3n personals i intransferibles. L&#8217;Usuari assumeix la responsabilitat per qualssevol danys i perjudicis, directes o indirectes, que poguessin derivar-se de la utilitzaci\u00f3 indeguda, aix\u00ed com de la cessi\u00f3 a tercers. En qualsevol moment NUMATEC per motius de seguretat, podr\u00e0 modificar la contrasenya de l&#8217;Usuari, notificant-ho pr\u00e8viament.<\/p>\n\n<p>L&#8217;Usuari es compromet a fer un \u00fas adequat dels continguts i serveis que NUMATEC ofereix a trav\u00e9s del seu Lloc Web i amb car\u00e0cter enunciatiu per\u00f2 no limitatiu, a no utilitzar-los per:<\/p>\n\n<ul class=\"wp-block-list\">\n<li>Inc\u00f3rrer en activitats il\u00b7l\u00edcites, il\u00b7legals o contr\u00e0ries a la bona fe i l&#8217;ordre p\u00fablic.<\/li>\n\n\n\n<li>Difondre continguts o propaganda de car\u00e0cter racista, xen\u00f2fob, pornogr\u00e0fic-il\u00b7legal, d&#8217;apologia del terrorisme o atemptatori contra els drets humans.<\/li>\n\n\n\n<li>Provocar danys als sistemes f\u00edsics i l\u00f2gics de NUMATEC, dels seus prove\u00efdors o de terceres persones, introduir o difondre a la xarxa virus inform\u00e0tics o qualssevol altres sistemes f\u00edsics o l\u00f2gics que siguin susceptibles de provocar els danys anteriorment esmentats.<\/li>\n\n\n\n<li>Intentar accedir i, si escau, utilitzar els comptes de correu electr\u00f2nic d&#8217;altres usuaris i modificar o manipular els missatges.<\/li>\n<\/ul>\n\n<p>NUMATEC es reserva el dret de retirar tots aquells comentaris i aportacions que vulnerin el respecte a la dignitat de la persona, que siguin discriminatoris, xen\u00f2fobs, racistes, pornogr\u00e0fics, que atemptin contra la joventut o la inf\u00e0ncia, l&#8217;ordre o la seguretat p\u00fablica o que, a parer seu, no resultessin adequats per a la seva publicaci\u00f3. En qualsevol cas, NUMATEC no ser\u00e0 responsable de les opinions abocades pels Usuaris a trav\u00e9s dels f\u00f2rums, consultoris, comentaris, o altres eines de participaci\u00f3.<\/p>\n\n<p><strong>4. Propietat intelectual e industrial<\/strong><\/p>\n\n<p>NUMATEC, per si mateix o com a cession\u00e0ria, \u00e9s titular de tots els drets de propietat intel\u00b7lectual i industrial del Lloc Web, aix\u00ed com dels elements continguts en la mateixa (a t\u00edtol enunciatiu i no limitatiu: imatges, so, \u00e0udio, v\u00eddeo, programari o textos, marques o logotips, combinacions de colors, estructura i disseny, selecci\u00f3 de materials usats, programes d&#8217;ordinador necessaris per a ordinador necessaris per a ordinador necessaris). dels seus llicenciants. Tots els drets reservats.<\/p>\n\n<p>L&#8217;usuari es compromet a respectar els drets de propietat intel\u00b7lectual i industrial titularitat de NUMATEC. Podreu visualitzar els elements del portal i fins i tot imprimir-los, copiar-los i emmagatzemar-los al disc dur del vostre ordinador o en qualsevol altre suport f\u00edsic sempre que sigui, \u00fanica i exclusivament, per al seu \u00fas personal i privat.\u00a0<\/p>\n\n<p>En virtut del que disposen els articles 8 i 32.1, par\u00e0graf segon, de la Llei de propietat intel\u00b7lectual, queden expressament prohibides la reproducci\u00f3, la distribuci\u00f3 i la comunicaci\u00f3 p\u00fablica, inclosa la seva modalitat de posada a disposici\u00f3, de la totalitat o part dels continguts del Lloc Web, amb fins comercials, en qualsevol suport i per qualsevol mitj\u00e0 t\u00e8cnic, sense l&#8217;autoritzaci\u00f3 expressa de NUMATEC.\u00a0<\/p>\n\n<p>L&#8217;Usuari haur\u00e0 d&#8217;abstenir-se de suprimir, alterar, eludir o manipular qualsevol dispositiu de protecci\u00f3 o sistema de seguretat que estigu\u00e9s instal\u00b7lat al Lloc Web.<\/p>\n\n<p>NUMATEC\u00a0 no es responsabilitza del possible \u00fas inapropiat que tercers realitzin del Lloc Web, ni de la informaci\u00f3 que a trav\u00e9s d&#8217;ella transmetin a tercers. L&#8217;\u00fas dels continguts que pugui fer l&#8217;usuari i les conseq\u00fc\u00e8ncies eventuals, danys o perjudicis que se&#8217;n poguessin derivar, s\u00f3n de la responsabilitat exclusiva de l&#8217;usuari. NUMATEC s&#8217;exclou pels danys i perjudicis de tota naturalesa causats als Usuaris per l&#8217;\u00fas d&#8217;enlla\u00e7os (links), directoris i eines de cerca, que permeten als usuaris accedir a llocs web pertanyents i\/o gestionats per tercers aix\u00ed com de la pres\u00e8ncia de virus o altres codis maliciosos en els continguts que puguin produir qualsevol tipus de danys en el sistema inform\u00e0tic. NUMATEC\u00a0 es reserva el dret d&#8217;exercitar les accions legals que consideri oportunes derivades de qualsevol \u00fas il\u00b7l\u00edcit per part de tercers dels continguts de la seva p\u00e0gina web.<\/p>\n\n<p><strong>5. Exclusi\u00f3 de garanties i responsabilitat<\/strong><\/p>\n\n<p>NUMATEC no es fa responsable, en cap cas, dels danys i perjudicis de qualsevol naturalesa que poguessin ocasionar, a t\u00edtol enunciatiu: errors o omissions als Continguts, manca de disponibilitat del Lloc Web o la transmissi\u00f3 de virus o programes maliciosos o lesius en els continguts, malgrat haver adoptat totes les mesures tecnol\u00f2giques necess\u00e0ries per evitar-ho.<\/p>\n\n<p><strong>6. Modificacions<\/strong><\/p>\n\n<p>NUMATEC\u00a0 es reserva el dret d&#8217;efectuar sense previ av\u00eds les modificacions que consideri oportunes al Lloc Web, podent canviar, suprimir o afegir tant els Continguts i serveis que es prestin a trav\u00e9s d&#8217;aquesta com la forma en qu\u00e8 aquests apareguin presentats o localitzats al Lloc Web.<\/p>\n\n<p><strong>7. Enlla\u00e7os<\/strong><\/p>\n\n<p>En el cas que al Lloc Web es disposessin enlla\u00e7os o hipervincles cap a altres llocs d&#8217;Internet, NUMATEC no exercir\u00e0 cap tipus de control sobre aquests llocs i continguts. En cap cas NUMATEC assumir\u00e0 cap responsabilitat pels continguts d&#8217;algun enlla\u00e7 pertanyent a un Lloc Web ali\u00e8, ni garantir\u00e0 la disponibilitat t\u00e8cnica, qualitat, fiabilitat, exactitud, amplitud, veracitat, validesa i constitucionalitat de qualsevol material o informaci\u00f3 continguda en cap d&#8217;aquests hipervincles o altres llocs d&#8217;Internet. Igualment, la inclusi\u00f3 d&#8217;aquestes connexions externes no implicar\u00e0 cap tipus d&#8217;associaci\u00f3, fusi\u00f3 o participaci\u00f3 amb les entitats connectades.<\/p>\n\n<p><strong>8. Generalitats<\/strong><\/p>\n\n<p>NUMATEC\u00a0 perseguir\u00e0 l&#8217;incompliment de les presents condicions aix\u00ed com qualsevol utilitzaci\u00f3 indeguda del portal exercint totes les accions civils i penals que li puguin correspondre en dret.<\/p>\n\n<p><strong>9. Legislaci\u00f3 aplicable i jurisdicci\u00f3<\/strong><\/p>\n\n<p>Aquestes condicions es regiran o interpretaran conforme a la legislaci\u00f3 espanyola en all\u00f2 que no estigui expressament establert.<\/p>\n\n<p>NUMATEC\u00a0 i l&#8217;Usuari acorden sotmetre qualsevol controv\u00e8rsia que pogu\u00e9s suscitar-se de la prestaci\u00f3 dels productes o serveis als Jutjats i Tribunals del domicili de la part compradora, si l&#8217;Usuari \u00e9s un consumidor final, o si escau, als Jutjats i Tribunals de Barcelona si l&#8217;Usuari \u00e9s una empresa.<\/p>\n\n<p><\/p>\n","protected":false},"excerpt":{"rendered":"<p>L&#8217;Av\u00eds Legal regula l&#8217;acc\u00e9s, la navegaci\u00f3 i l&#8217;\u00fas del lloc web ubicat a la URL [www.numatec.cat] (d&#8217;ara endavant, el \u201cNUMATEC\u201d). 1. Dades identificatives En compliment amb el deure d&#8217;informaci\u00f3 recollit a l&#8217;article 10 de la Llei 34\/2002, d&#8217;11 de juliol, de Serveis de la Societat de la Informaci\u00f3 i del Comer\u00e7 Electr\u00f2nic, us informem que&#8230; <a class=\"excerpt-read-more\" href=\"https:\/\/numatec.cat\/en\/avis-legal\/\" title=\"Read Legal notice\">Read more &raquo;<\/a><\/p>\n","protected":false},"author":1,"featured_media":0,"parent":0,"menu_order":0,"comment_status":"closed","ping_status":"closed","template":"template-legal.blade.php","meta":{"_acf_changed":false,"footnotes":""},"class_list":["post-462","page","type-page","status-publish","hentry"],"acf":[],"yoast_head":"<title>Legal notice - Numatec<\/title>\n<meta name=\"robots\" content=\"index, follow, max-snippet:-1, max-image-preview:large, max-video-preview:-1\" \/>\n<link rel=\"canonical\" href=\"https:\/\/numatec.cat\/en\/avis-legal\/\" \/>\n<meta property=\"og:locale\" content=\"en_US\" \/>\n<meta property=\"og:type\" content=\"article\" \/>\n<meta property=\"og:title\" content=\"Legal notice - Numatec\" \/>\n<meta property=\"og:description\" content=\"L&#8217;Av\u00eds Legal regula l&#8217;acc\u00e9s, la navegaci\u00f3 i l&#8217;\u00fas del lloc web ubicat a la URL [www.numatec.cat] (d&#8217;ara endavant, el \u201cNUMATEC\u201d). 1. Dades identificatives En compliment amb el deure d&#8217;informaci\u00f3 recollit a l&#8217;article 10 de la Llei 34\/2002, d&#8217;11 de juliol, de Serveis de la Societat de la Informaci\u00f3 i del Comer\u00e7 Electr\u00f2nic, us informem que... Read more &raquo;\" \/>\n<meta property=\"og:url\" content=\"https:\/\/numatec.cat\/en\/avis-legal\/\" \/>\n<meta property=\"og:site_name\" content=\"Numatec\" \/>\n<meta property=\"article:modified_time\" content=\"2025-10-01T08:01:38+00:00\" \/>\n<meta name=\"twitter:card\" content=\"summary_large_image\" \/>\n<meta name=\"twitter:label1\" content=\"Est. reading time\" \/>\n\t<meta name=\"twitter:data1\" content=\"8 minutes\" \/>\n<script type=\"application\/ld+json\" class=\"yoast-schema-graph\">{\"@context\":\"https:\/\/schema.org\",\"@graph\":[{\"@type\":\"WebPage\",\"@id\":\"https:\/\/numatec.cat\/en\/avis-legal\/\",\"url\":\"https:\/\/numatec.cat\/en\/avis-legal\/\",\"name\":\"Legal notice - Numatec\",\"isPartOf\":{\"@id\":\"https:\/\/numatec.cat\/#website\"},\"datePublished\":\"2025-06-24T02:12:20+00:00\",\"dateModified\":\"2025-10-01T08:01:38+00:00\",\"breadcrumb\":{\"@id\":\"https:\/\/numatec.cat\/en\/avis-legal\/#breadcrumb\"},\"inLanguage\":\"en-US\",\"potentialAction\":[{\"@type\":\"ReadAction\",\"target\":[\"https:\/\/numatec.cat\/en\/avis-legal\/\"]}]},{\"@type\":\"BreadcrumbList\",\"@id\":\"https:\/\/numatec.cat\/en\/avis-legal\/#breadcrumb\",\"itemListElement\":[{\"@type\":\"ListItem\",\"position\":1,\"name\":\"Inici\",\"item\":\"https:\/\/numatec.cat\/en\/\"},{\"@type\":\"ListItem\",\"position\":2,\"name\":\"Legal notice\"}]},{\"@type\":\"WebSite\",\"@id\":\"https:\/\/numatec.cat\/#website\",\"url\":\"https:\/\/numatec.cat\/\",\"name\":\"Numatec\",\"description\":\"\",\"potentialAction\":[{\"@type\":\"SearchAction\",\"target\":{\"@type\":\"EntryPoint\",\"urlTemplate\":\"https:\/\/numatec.cat\/?s={search_term_string}\"},\"query-input\":{\"@type\":\"PropertyValueSpecification\",\"valueRequired\":true,\"valueName\":\"search_term_string\"}}],\"inLanguage\":\"en-US\"}]}<\/script>","yoast_head_json":{"title":"Legal notice - Numatec","robots":{"index":"index","follow":"follow","max-snippet":"max-snippet:-1","max-image-preview":"max-image-preview:large","max-video-preview":"max-video-preview:-1"},"canonical":"https:\/\/numatec.cat\/en\/avis-legal\/","og_locale":"en_US","og_type":"article","og_title":"Legal notice - Numatec","og_description":"L&#8217;Av\u00eds Legal regula l&#8217;acc\u00e9s, la navegaci\u00f3 i l&#8217;\u00fas del lloc web ubicat a la URL [www.numatec.cat] (d&#8217;ara endavant, el \u201cNUMATEC\u201d). 1. Dades identificatives En compliment amb el deure d&#8217;informaci\u00f3 recollit a l&#8217;article 10 de la Llei 34\/2002, d&#8217;11 de juliol, de Serveis de la Societat de la Informaci\u00f3 i del Comer\u00e7 Electr\u00f2nic, us informem que... Read more &raquo;","og_url":"https:\/\/numatec.cat\/en\/avis-legal\/","og_site_name":"Numatec","article_modified_time":"2025-10-01T08:01:38+00:00","twitter_card":"summary_large_image","twitter_misc":{"Est. reading time":"8 minutes"},"schema":{"@context":"https:\/\/schema.org","@graph":[{"@type":"WebPage","@id":"https:\/\/numatec.cat\/en\/avis-legal\/","url":"https:\/\/numatec.cat\/en\/avis-legal\/","name":"Legal notice - Numatec","isPartOf":{"@id":"https:\/\/numatec.cat\/#website"},"datePublished":"2025-06-24T02:12:20+00:00","dateModified":"2025-10-01T08:01:38+00:00","breadcrumb":{"@id":"https:\/\/numatec.cat\/en\/avis-legal\/#breadcrumb"},"inLanguage":"en-US","potentialAction":[{"@type":"ReadAction","target":["https:\/\/numatec.cat\/en\/avis-legal\/"]}]},{"@type":"BreadcrumbList","@id":"https:\/\/numatec.cat\/en\/avis-legal\/#breadcrumb","itemListElement":[{"@type":"ListItem","position":1,"name":"Inici","item":"https:\/\/numatec.cat\/en\/"},{"@type":"ListItem","position":2,"name":"Legal notice"}]},{"@type":"WebSite","@id":"https:\/\/numatec.cat\/#website","url":"https:\/\/numatec.cat\/","name":"Numatec","description":"","potentialAction":[{"@type":"SearchAction","target":{"@type":"EntryPoint","urlTemplate":"https:\/\/numatec.cat\/?s={search_term_string}"},"query-input":{"@type":"PropertyValueSpecification","valueRequired":true,"valueName":"search_term_string"}}],"inLanguage":"en-US"}]}},"_links":{"self":[{"href":"https:\/\/numatec.cat\/en\/wp-json\/wp\/v2\/pages\/462","targetHints":{"allow":["GET"]}}],"collection":[{"href":"https:\/\/numatec.cat\/en\/wp-json\/wp\/v2\/pages"}],"about":[{"href":"https:\/\/numatec.cat\/en\/wp-json\/wp\/v2\/types\/page"}],"author":[{"embeddable":true,"href":"https:\/\/numatec.cat\/en\/wp-json\/wp\/v2\/users\/1"}],"replies":[{"embeddable":true,"href":"https:\/\/numatec.cat\/en\/wp-json\/wp\/v2\/comments?post=462"}],"version-history":[{"count":3,"href":"https:\/\/numatec.cat\/en\/wp-json\/wp\/v2\/pages\/462\/revisions"}],"predecessor-version":[{"id":1704,"href":"https:\/\/numatec.cat\/en\/wp-json\/wp\/v2\/pages\/462\/revisions\/1704"}],"wp:attachment":[{"href":"https:\/\/numatec.cat\/en\/wp-json\/wp\/v2\/media?parent=462"}],"curies":[{"name":"wp","href":"https:\/\/api.w.org\/{rel}","templated":true}]}}